{"id":2256,"date":"2026-03-16T12:34:43","date_gmt":"2026-03-16T15:34:43","guid":{"rendered":"https:\/\/gosat.org\/?page_id=2256"},"modified":"2026-03-16T12:55:46","modified_gmt":"2026-03-16T15:55:46","slug":"politica-de-privacidade","status":"publish","type":"page","link":"https:\/\/gosat.org\/en\/politica-de-privacidade\/","title":{"rendered":"Politica de Privacidade"},"content":{"rendered":"<div data-elementor-type=\"wp-page\" data-elementor-id=\"2256\" class=\"elementor elementor-2256\" data-elementor-post-type=\"page\">\n\t\t\t\t<div class=\"elementor-element elementor-element-0bc3d6e e-flex e-con-boxed e-con e-parent\" data-id=\"0bc3d6e\" data-element_type=\"container\">\n\t\t\t\t\t<div class=\"e-con-inner\">\n\t\t<div class=\"elementor-element elementor-element-5a72ce5 e-con-full e-flex e-con e-child\" data-id=\"5a72ce5\" data-element_type=\"container\">\n\t\t\t\t<div class=\"elementor-element elementor-element-8767b61 elementor-widget elementor-widget-heading\" data-id=\"8767b61\" data-element_type=\"widget\" data-widget_type=\"heading.default\">\n\t\t\t\t\t<h2 class=\"elementor-heading-title elementor-size-default\"><span style=\"font-family: Lexend-Variable, sans-serif;font-size: 45px;text-align: center\">Privacy Policy<\/span><\/h2>\t\t\t\t<\/div>\n\t\t\t\t<div class=\"elementor-element elementor-element-b655240 elementor-widget elementor-widget-text-editor\" data-id=\"b655240\" data-element_type=\"widget\" data-widget_type=\"text-editor.default\">\n\t\t\t\t\t\t\t\t\t<p>Estes Termos de Uso (&#8220;Termos&#8221;) regem o uso do site www.GOSAT.org (o &#8220;Site&#8221;) e quaisquer servi\u00e7os relacionados oferecidos pela GOSAT TELECOM S.A. (doravante referida como &#8220;GOSAT&#8221;, &#8220;n\u00f3s&#8221; ou &#8220;nosso&#8221;), com CNPJ 22.017.005\/0001-60. Ao acessar ou utilizar o Site, voc\u00ea concorda com estes Termos na \u00edntegra. Se voc\u00ea n\u00e3o concordar com qualquer parte destes Termos, n\u00e3o ter\u00e1 permiss\u00e3o para acessar o Site ou utilizar quaisquer servi\u00e7os.<\/p><p>Este documento tem o objetivo de formalizar o compromisso com a seguran\u00e7a e a privacidade de informa\u00e7\u00f5es coletadas dos usu\u00e1rios dos servi\u00e7os interativos do Website da GOSAT TELECOM S.A, adiante denominadas.<\/p><h1><strong>1. Uso do Site<\/strong><\/h1><p><strong>a.<\/strong>\u00a0Voc\u00ea concorda em utilizar o Site apenas para fins legais e de acordo com estes Termos. Voc\u00ea concorda em n\u00e3o utilizar o Site de forma que possa danificar, desabilitar, sobrecarregar ou prejudicar o Site, ou interferir com o uso de terceiros do Site.<br \/><strong>b.<\/strong>\u00a0Voc\u00ea concorda em n\u00e3o tentar obter acesso n\u00e3o autorizado a partes do Site ou a sistemas ou redes conectadas ao Site.<br \/><strong>c.<\/strong>\u00a0Reservamo-nos o direito de interromper ou alterar qualquer aspecto do Site, incluindo, mas n\u00e3o se limitando a, conte\u00fado, funcionalidades ou hor\u00e1rios de disponibilidade, a qualquer momento e sem aviso pr\u00e9vio.<\/p><h1>2. Conte\u00fado do Usu\u00e1rio<\/h1><p><strong>a.<\/strong>\u00a0Alguns servi\u00e7os oferecidos atrav\u00e9s do nosso Site podem permitir que voc\u00ea envie, carregue, publique ou disponibilize conte\u00fado, como textos, imagens ou outros materiais (&#8220;Conte\u00fado do Usu\u00e1rio&#8221;).<br \/><strong>b.<\/strong>\u00a0Ao enviar Conte\u00fado do Usu\u00e1rio para o Site, voc\u00ea declara e garante que tem o direito de faz\u00ea-lo, e que o Conte\u00fado do Usu\u00e1rio n\u00e3o viola os direitos de propriedade intelectual ou outros direitos de terceiros.<br \/><strong>c.<\/strong>\u00a0Ao registrar-se em um formul\u00e1rio deste Website (www.gosat.org), o usu\u00e1rio fornecer\u00e1 informa\u00e7\u00f5es pessoais que incluir\u00e3o, dentre outras, nome, telefone, e-mail (endere\u00e7o de correspond\u00eancia eletr\u00f4nica) e outros. Quaisquer informa\u00e7\u00f5es que os usu\u00e1rios forne\u00e7am ser\u00e3o coletadas e guardadas de acordo com as melhores pr\u00e1ticas de seguran\u00e7a e confidencialidade de mercado.<br \/><strong>d.<\/strong>\u00a0A GOSAT n\u00e3o ceder\u00e1, vender\u00e1 ou alugar\u00e1 as informa\u00e7\u00f5es pessoais fornecidas pelo usu\u00e1rio a terceiros, nem t\u00e3o pouco as utilizar\u00e1 ou compartilhar\u00e1 sem o pr\u00e9vio consentimento do usu\u00e1rio.<br \/><strong>e.<\/strong>\u00a0A GOSAT somente divulgar\u00e1 as informa\u00e7\u00f5es do usu\u00e1rio quando expressamente autorizada por ele pr\u00f3prio, ou por ordem judicial, ou por for\u00e7a de Lei.<br \/><strong>f.<\/strong>\u00a0O usu\u00e1rio reconhece e concorda que a obten\u00e7\u00e3o e o uso, por parte da GOSAT, das informa\u00e7\u00f5es por ele fornecidas para o uso deste website n\u00e3o configura nenhuma viola\u00e7\u00e3o do direito \u00e0 privacidade, publicidade ou qualquer outro direito relacionado \u00e0 prote\u00e7\u00e3o de informa\u00e7\u00f5es pessoais.<br \/><strong>g.<\/strong>\u00a0O usu\u00e1rio poder\u00e1, sempre que necess\u00e1rio, atualizar suas informa\u00e7\u00f5es pessoais atrav\u00e9s dos diversos canais dispon\u00edveis na GOSAT.<br \/><strong>h.<\/strong>\u00a0Os conte\u00fados (texto, arquivo, imagem, som) e os aplicativos (programa, sistema) do Website da GOSAT s\u00e3o protegidos pelos direitos autorais, sendo vedada modifica\u00e7\u00e3o, reprodu\u00e7\u00e3o, armazenamento, transmiss\u00e3o, c\u00f3pia, distribui\u00e7\u00e3o ou qualquer forma de utiliza\u00e7\u00e3o diversa da finalidade a que se destina, comercial ou n\u00e3o, das informa\u00e7\u00f5es, dados e imagens nele divulgados, sem autoriza\u00e7\u00e3o da GOSAT.<br \/><strong>i.<\/strong>\u00a0A GOSAT n\u00e3o se responsabilizar\u00e1 por danos e problemas decorrentes da demora, mau uso, interrup\u00e7\u00e3o ou bloqueio nas transmiss\u00f5es de dados ocorridas na Internet.<br \/><strong>j.<\/strong>\u00a0A GOSAT n\u00e3o se responsabilizar\u00e1 pelo envio de e-mails falsos com promessas, ofertas e formul\u00e1rios enviados por terceiros em seu nome. Todas as comunica\u00e7\u00f5es da GOSAT ser\u00e3o feitas com links (atalhos) para o Website da GOSAT.<br \/><strong>k.<\/strong>\u00a0Tentativas de invas\u00e3o aos Websites da GOSAT ser\u00e3o tratadas, conforme prescri\u00e7\u00e3o legal, como dano, furto\/roubo ou qualquer outra tipifica\u00e7\u00e3o prevista no C\u00f3digo Penal Brasileiro.<br \/><strong>l.<\/strong>\u00a0Reservamo-nos o direito de remover ou editar qualquer Conte\u00fado do Usu\u00e1rio por qualquer motivo, sem aviso pr\u00e9vio.<\/p><h1><strong>3. Propriedade Intelectual<\/strong><\/h1><p><strong>a.<\/strong>\u00a0Todo o conte\u00fado dispon\u00edvel no Site, incluindo, mas n\u00e3o se limitando a, textos, gr\u00e1ficos, logotipos, \u00edcones, imagens, clipes de \u00e1udio e v\u00eddeo, compila\u00e7\u00f5es de dados e software, s\u00e3o de propriedade exclusiva da GOSAT ou de seus licenciadores e est\u00e3o protegidos por leis de direitos autorais e outras leis de propriedade intelectual aplic\u00e1veis.<br \/><strong>b.<\/strong>\u00a0Voc\u00ea concorda em n\u00e3o reproduzir, distribuir, modificar, criar trabalhos derivados, exibir publicamente, executar publicamente, republicar, baixar, armazenar ou transmitir qualquer conte\u00fado dispon\u00edvel no Site, exceto conforme expressamente autorizado por n\u00f3s.<\/p><h1><strong>4. Limita\u00e7\u00e3o de Responsabilidade<\/strong><\/h1><p><strong>a.<\/strong>\u00a0Em nenhuma circunst\u00e2ncia a GOSAT ser\u00e1 respons\u00e1vel por quaisquer danos diretos, indiretos, incidentais, especiais, consequenciais ou punitivos, incluindo, mas n\u00e3o se limitando a, lucros cessantes, perda de receita, perda de dados ou outros danos intang\u00edveis decorrentes do uso ou incapacidade de usar o Site ou qualquer conte\u00fado dispon\u00edvel no Site.<\/p><h1><strong>5. Disposi\u00e7\u00f5es Gerais<\/strong><\/h1><p><strong>a.<\/strong>\u00a0Estes Termos constituem o acordo completo entre voc\u00ea e a GOSAT em rela\u00e7\u00e3o ao uso do Site, substituindo todos os acordos anteriores ou contempor\u00e2neos entre voc\u00ea e a GOSAT.<br \/><strong>b.<\/strong>\u00a0Estes Termos ser\u00e3o regidos e interpretados de acordo com as leis do Brasil, sem considerar conflitos de disposi\u00e7\u00f5es legais.<br \/><strong>c.<\/strong>\u00a0A GOSAT poder\u00e1 alterar este termo a qualquer tempo por decorr\u00eancia da ado\u00e7\u00e3o de novas tecnologias, altera\u00e7\u00e3o na legisla\u00e7\u00e3o ou necessidades de seguran\u00e7a e funcionamento do Website. Por essa raz\u00e3o, recomenda consulta peri\u00f3dica a este documento.<br \/><strong>d.<\/strong>\u00a0Se qualquer disposi\u00e7\u00e3o destes Termos for considerada inv\u00e1lida ou inexequ\u00edvel por um tribunal de jurisdi\u00e7\u00e3o competente, as restantes disposi\u00e7\u00f5es destes Termos permanecer\u00e3o em pleno vigor e efeito.<\/p><h1><strong>6. Contato<\/strong><\/h1><p>Se voc\u00ea tiver alguma d\u00favida sobre estes Termos de Uso, entre em contato conosco atrav\u00e9s do e-mail\u00a0<a href=\"mailto:mkt@gosat.org\">mkt@gosat.org<\/a><\/p>\t\t\t\t\t\t\t\t<\/div>\n\t\t\t\t<div class=\"elementor-element elementor-element-7d8b5b1 elementor-widget elementor-widget-button\" data-id=\"7d8b5b1\" data-element_type=\"widget\" data-widget_type=\"button.default\">\n\t\t\t\t\t\t\t\t\t\t<a class=\"elementor-button elementor-button-link elementor-size-sm\" href=\"#\">\n\t\t\t\t\t\t<span class=\"elementor-button-content-wrapper\">\n\t\t\t\t\t\t\t\t\t<span class=\"elementor-button-text\">Voltar para home<\/span>\n\t\t\t\t\t<\/span>\n\t\t\t\t\t<\/a>\n\t\t\t\t\t\t\t\t<\/div>\n\t\t\t\t<\/div>\n\t\t\t\t\t<\/div>\n\t\t\t\t<\/div>\n\t\t\t\t<\/div>","protected":false},"excerpt":{"rendered":"<p>Pol\u00edtica de Privacidade Estes Termos de Uso (&#8220;Termos&#8221;) regem o uso do site www.GOSAT.org (o &#8220;Site&#8221;) e quaisquer servi\u00e7os relacionados oferecidos pela GOSAT TELECOM S.A. (doravante referida como &#8220;GOSAT&#8221;, &#8220;n\u00f3s&#8221; ou &#8220;nosso&#8221;), com CNPJ 22.017.005\/0001-60. Ao acessar ou utilizar o Site, voc\u00ea concorda com estes Termos na \u00edntegra. Se voc\u00ea n\u00e3o concordar com qualquer parte [&hellip;]<\/p>","protected":false},"author":2,"featured_media":0,"parent":0,"menu_order":0,"comment_status":"closed","ping_status":"closed","template":"","meta":{"footnotes":""},"class_list":["post-2256","page","type-page","status-publish","hentry"],"aioseo_notices":[],"_links":{"self":[{"href":"https:\/\/gosat.org\/en\/wp-json\/wp\/v2\/pages\/2256","targetHints":{"allow":["GET"]}}],"collection":[{"href":"https:\/\/gosat.org\/en\/wp-json\/wp\/v2\/pages"}],"about":[{"href":"https:\/\/gosat.org\/en\/wp-json\/wp\/v2\/types\/page"}],"author":[{"embeddable":true,"href":"https:\/\/gosat.org\/en\/wp-json\/wp\/v2\/users\/2"}],"replies":[{"embeddable":true,"href":"https:\/\/gosat.org\/en\/wp-json\/wp\/v2\/comments?post=2256"}],"version-history":[{"count":4,"href":"https:\/\/gosat.org\/en\/wp-json\/wp\/v2\/pages\/2256\/revisions"}],"predecessor-version":[{"id":2261,"href":"https:\/\/gosat.org\/en\/wp-json\/wp\/v2\/pages\/2256\/revisions\/2261"}],"wp:attachment":[{"href":"https:\/\/gosat.org\/en\/wp-json\/wp\/v2\/media?parent=2256"}],"curies":[{"name":"wp","href":"https:\/\/api.w.org\/{rel}","templated":true}]}}